{"id":3029,"date":"2023-03-26T09:08:33","date_gmt":"2023-03-26T09:08:33","guid":{"rendered":"https:\/\/www.vergevingsgezindheid.com\/hauptseite\/"},"modified":"2026-03-28T16:04:28","modified_gmt":"2026-03-28T16:04:28","slug":"hauptseite","status":"publish","type":"page","link":"https:\/\/www.vergevingsgezindheid.com\/de\/","title":{"rendered":"Hauptseite"},"content":{"rendered":"<section class=\"l-section wpb_row height_medium\"><div class=\"l-section-h i-cf\"><div class=\"g-cols vc_row via_flex valign_top type_default stacking_default\"><div class=\"vc_col-sm-8 wpb_column vc_column_container\"><div class=\"vc_column-inner\"><div class=\"wpb_wrapper\"><div class=\"g-cols wpb_row via_flex valign_top type_default stacking_default\"><div class=\"vc_col-sm-12 wpb_column vc_column_container\"><div class=\"vc_column-inner\"><div class=\"wpb_wrapper\"><div class=\"wpb_text_column us_custom_985c3370 has_text_color\"><div class=\"wpb_wrapper\"><h1>Willkommen<\/h1>\n<\/div><\/div><div class=\"wpb_text_column\"><div class=\"wpb_wrapper\"><p>Willkommen auf dieser Website von Frits Koster und Joyce Cordus zum Thema Vergebung. Hier finden Sie Informationen zu verschiedenen Aspekten der Vergebung und zu dem von Joyce Cordus und Frits Koster entwickelten Mindfulness-Based Training in Forgiveness (MBTF). Dieses Training wird als Online-Kurs (sechs Sitzungen) und als Workshop vor Ort (drei aufeinanderfolgende Tage) angeboten. Siehe den <strong><a href=\"https:\/\/www.vergevingsgezindheid.com\/de\/kalender\/\">Kalender<\/a><\/strong> f\u00fcr die n\u00e4chsten niederl\u00e4ndisch-, deutsch- und englischsprachigen Kurse, Webinare und Workshops.<\/p>\n<\/div><\/div><div class=\"w-separator size_small\"><\/div><\/div><\/div><\/div><\/div><\/div><\/div><\/div><div class=\"vc_col-sm-4 wpb_column vc_column_container\"><div class=\"vc_column-inner us_custom_71f75d4c\"><div class=\"wpb_wrapper\"><div class=\"g-cols wpb_row via_flex valign_top type_default stacking_default\"><div class=\"vc_col-sm-12 wpb_column vc_column_container\"><div class=\"vc_column-inner us_custom_ac6e725c\"><div class=\"wpb_wrapper\"><div class=\"w-image us_custom_dda092d1 align_center\"><div class=\"w-image-h\"><img decoding=\"async\" width=\"300\" height=\"235\" src=\"https:\/\/www.vergevingsgezindheid.com\/wp-content\/uploads\/2023\/04\/forgiveness-3-300x235.png\" class=\"attachment-medium size-medium\" alt=\"\" loading=\"lazy\" srcset=\"https:\/\/www.vergevingsgezindheid.com\/wp-content\/uploads\/2023\/04\/forgiveness-3-300x235.png 300w, https:\/\/www.vergevingsgezindheid.com\/wp-content\/uploads\/2023\/04\/forgiveness-3-1024x802.png 1024w, https:\/\/www.vergevingsgezindheid.com\/wp-content\/uploads\/2023\/04\/forgiveness-3.png 1029w\" sizes=\"auto, (max-width: 300px) 100vw, 300px\" \/><\/div><\/div><div class=\"w-separator size_small\"><\/div><div class=\"wpb_text_column\"><div class=\"wpb_wrapper\"><p style=\"text-align: center;\"><span style=\"color: #c40e0e;\"><strong>Online Grundlagenseminar &#8218;Mindfulness-Based Training in Forgiveness&#8216; Freitagabend 6. &#8211; Sonntag 8. November 2026 mit Frits Koster und Joyce Cordus<\/strong><\/span><\/p>\n<\/div><\/div><div class=\"w-btn-wrapper align_center\"><a class=\"w-btn us-btn-style_1 us_custom_b9d2efdd\" target=\"_blank\" rel=\"nofollow\" title=\"Online Grundlagenseminar &#039;Mindfulness-Based Training in Forgiveness&#039; 6.-8. November 2026\" href=\"https:\/\/www.institut-fuer-achtsamkeit.de\/mbtf-grundlagenseminar\/\"><span class=\"w-btn-label\">Info + Anmeldung<\/span><\/a><\/div><\/div><\/div><\/div><\/div><\/div><\/div><\/div><\/div><\/div><\/section><section class=\"l-section wpb_row hide_on_default hide_on_laptops hide_on_tablets height_medium\"><div class=\"l-section-h i-cf\"><div class=\"g-cols vc_row via_flex valign_top type_default stacking_default\"><div class=\"vc_col-sm-12 wpb_column vc_column_container\"><div class=\"vc_column-inner\"><div class=\"wpb_wrapper\"><\/div><\/div><\/div><\/div><\/div><\/section>\n","protected":false},"excerpt":{"rendered":"Willkommen Willkommen auf dieser Website von Frits Koster und Joyce Cordus zum Thema Vergebung. Hier finden Sie Informationen zu verschiedenen Aspekten der Vergebung und zu dem von Joyce Cordus und Frits Koster entwickelten Mindfulness-Based Training in Forgiveness (MBTF). Dieses Training wird als Online-Kurs (sechs Sitzungen) und als Workshop vor Ort (drei aufeinanderfolgende Tage) angeboten. Siehe...","protected":false},"author":1,"featured_media":0,"parent":0,"menu_order":0,"comment_status":"closed","ping_status":"closed","template":"","meta":{"footnotes":""},"class_list":["post-3029","page","type-page","status-publish","hentry"],"_links":{"self":[{"href":"https:\/\/www.vergevingsgezindheid.com\/de\/wp-json\/wp\/v2\/pages\/3029","targetHints":{"allow":["GET"]}}],"collection":[{"href":"https:\/\/www.vergevingsgezindheid.com\/de\/wp-json\/wp\/v2\/pages"}],"about":[{"href":"https:\/\/www.vergevingsgezindheid.com\/de\/wp-json\/wp\/v2\/types\/page"}],"author":[{"embeddable":true,"href":"https:\/\/www.vergevingsgezindheid.com\/de\/wp-json\/wp\/v2\/users\/1"}],"replies":[{"embeddable":true,"href":"https:\/\/www.vergevingsgezindheid.com\/de\/wp-json\/wp\/v2\/comments?post=3029"}],"version-history":[{"count":60,"href":"https:\/\/www.vergevingsgezindheid.com\/de\/wp-json\/wp\/v2\/pages\/3029\/revisions"}],"predecessor-version":[{"id":5443,"href":"https:\/\/www.vergevingsgezindheid.com\/de\/wp-json\/wp\/v2\/pages\/3029\/revisions\/5443"}],"wp:attachment":[{"href":"https:\/\/www.vergevingsgezindheid.com\/de\/wp-json\/wp\/v2\/media?parent=3029"}],"curies":[{"name":"wp","href":"https:\/\/api.w.org\/{rel}","templated":true}]}}