{"id":3005,"date":"2023-04-23T07:18:43","date_gmt":"2023-04-23T07:18:43","guid":{"rendered":"https:\/\/www.vergevingsgezindheid.com\/vergebung\/"},"modified":"2024-08-07T06:41:20","modified_gmt":"2024-08-07T06:41:20","slug":"vergebung","status":"publish","type":"page","link":"https:\/\/www.vergevingsgezindheid.com\/de\/vergebung\/","title":{"rendered":"Vergebung"},"content":{"rendered":"<section class=\"l-section wpb_row height_medium\"><div class=\"l-section-h i-cf\"><div class=\"g-cols vc_row via_flex valign_top type_default stacking_default\"><div class=\"vc_col-sm-8 wpb_column vc_column_container\"><div class=\"vc_column-inner\"><div class=\"wpb_wrapper\"><div class=\"g-cols wpb_row via_flex valign_top type_default stacking_default\"><div class=\"vc_col-sm-12 wpb_column vc_column_container\"><div class=\"vc_column-inner\"><div class=\"wpb_wrapper\">[vc_custom_heading source=&#8220;post_title&#8220; font_container=&#8220;tag:h1|text_align:left&#8220; use_theme_fonts=&#8220;yes&#8220; css=&#8220;%7B%22default%22%3A%7B%22color%22%3A%22%23c40e0e%22%7D%7D&#8220;]<\/div><\/div><\/div><\/div><div class=\"g-cols wpb_row us_custom_b590f348 rotate-subtitels4d via_flex valign_top type_default stacking_default\"><div class=\"vc_col-sm-12 wpb_column vc_column_container\"><div class=\"vc_column-inner\"><div class=\"wpb_wrapper\"><div class=\"wpb_text_column subtekst-roteer1\"><div class=\"wpb_wrapper\"><p>&#8222;<em>Vergeben ist wie einen Gefangenen freizulassen und zu entdecken, dass man selbst dieser Gefangene war&#8220; <\/em>(unbekannte Quelle).<\/p>\n<\/div><\/div><\/div><\/div><\/div><\/div><div class=\"g-cols wpb_row us_custom_3b8f9481 via_flex valign_top type_default stacking_default\"><div class=\"vc_col-sm-12 wpb_column vc_column_container\"><div class=\"vc_column-inner\"><div class=\"wpb_wrapper\"><div class=\"wpb_text_column\"><div class=\"wpb_wrapper\"><p>Vergebung bedeutet, offen f\u00fcr Vergebung zu sein. Als Menschen f\u00e4llt es uns allen manchmal schwer, Dinge, die schief gelaufen sind, einzuordnen und zu akzeptieren &#8211; sei es durch uns selbst oder durch andere. Wir k\u00f6nnen dann in Vorw\u00fcrfen, Groll oder Bitterkeit verharren, und das macht uns in der Regel auch nicht gl\u00fccklicher. Alle Religionen und Weisheitstraditionen erkennen den Wert der Vergebung an. Auch die aktuelle wissenschaftliche Forschung best\u00e4tigt, dass Vergebung ein goldener Weg zu Gesundheit und Wohlbefinden ist.<\/p>\n<p>Der Prozess der Vergebung erweist sich nicht immer als einfach; er kann manchmal viel Zeit, Geduld, Mut und Bereitschaft erfordern. Die Bereitschaft zur Vergebung oder Vers\u00f6hnung kann jedoch sehr deutlich zu innerem Frieden und Harmonie beitragen &#8211; auf der individuellen Ebene, in Gruppen und Gemeinschaften und im Hinblick auf die Welt um uns herum. Wir k\u00f6nnen Vergebung auf drei verschiedene Arten praktizieren: gegen\u00fcber uns selbst, in Form einer Bitte um Vergebung oder indem wir anderen vergeben. Alle drei M\u00f6glichkeiten k\u00f6nnen als n\u00fctzliche Absichten angesehen werden, etwas zu reparieren, das besch\u00e4digt wurde &#8211; <em>&#8218;to repair what&#8217;s broken&#8216; <\/em>, wie die englische Rockband Coldplay es ausdr\u00fcckt.<\/p>\n<\/div><\/div><\/div><\/div><\/div><\/div><div class=\"g-cols wpb_row us_custom_3b8f9481 via_flex valign_top type_default stacking_default\" id=\"jezelfVergeven\"><div class=\"vc_col-sm-12 wpb_column vc_column_container\"><div class=\"vc_column-inner\"><div class=\"wpb_wrapper\"><div class=\"wpb_text_column\"><div class=\"wpb_wrapper\"><p><strong><span style=\"color: #c40e0e;\">Sich selbst verzeihen<\/span><br \/>\n<\/strong>Als menschliche Wesen machen wir alle von Zeit zu Zeit Fehler oder irren uns. Wir tun dumme Dinge und treffen &#8211; im Nachhinein betrachtet &#8211; nicht immer hilfreiche Entscheidungen. Wir k\u00f6nnen bei weitem nicht alles in unserem Leben \u00fcberblicken und\/oder verfangen uns manchmal in wenig hilfreichen Gewohnheitsmustern. Wir k\u00f6nnen dann leicht eine innere H\u00e4rte (uns selbst gegen\u00fcber) entwickeln, und werden dadurch nicht gl\u00fccklicher. Wenn Sie sich selbst verzeihen, bedeutet das nicht, dass Sie pl\u00f6tzlich etwas Dummes guthei\u00dfen, sondern dass es Mitgef\u00fchl f\u00fcr die unvollkommene Person unterst\u00fctzt, die <em>hinter<\/em> dem nicht hilfreichen Verhalten steht.<\/p>\n<\/div><\/div><\/div><\/div><\/div><\/div><div class=\"g-cols wpb_row us_custom_3b8f9481 via_flex valign_top type_default stacking_default\" id=\"vergevingVragen\"><div class=\"vc_col-sm-12 wpb_column vc_column_container\"><div class=\"vc_column-inner\"><div class=\"wpb_wrapper\"><div class=\"wpb_text_column\"><div class=\"wpb_wrapper\"><p><strong><span style=\"color: #c40e0e;\">Um Vergebung bitten<\/span><br \/>\n<\/strong>Manchmal begehen wir Fehler oder Irrt\u00fcmer, durch die wir anderen schaden oder das Gef\u00fchl haben, dass wir andere nicht richtig behandelt haben. Dann k\u00f6nnen wir um Vergebung bitten (oder in einfachen Worten &#8218;Sorry\u2018 oder &#8218;Est tut mir leid&#8216; sagen). Ob die betreffende Person uns dann tats\u00e4chlich verzeiht, ist dabei weniger wichtig. Aber schon die Offenheit f\u00fcr Vers\u00f6hnung mit jemandem, der durch unser Handeln verletzt wurde, ist wertvoll. Wenn wir uns eingestehen, dass wir falsch gehandelt haben, k\u00f6nnen wir mit neuem Mut und mit mehr Weisheit und Mitgef\u00fchl vorw\u00e4rts gehen.<\/p>\n<\/div><\/div><\/div><\/div><\/div><\/div><div class=\"g-cols wpb_row us_custom_3b8f9481 via_flex valign_top type_default stacking_default\" id=\"anderenVergeven\"><div class=\"vc_col-sm-12 wpb_column vc_column_container\"><div class=\"vc_column-inner\"><div class=\"wpb_wrapper\"><div class=\"wpb_text_column\"><div class=\"wpb_wrapper\"><p><strong><span style=\"color: #c40e0e;\">Anderen verzeihen<\/span><br \/>\n<\/strong>Eine dritte M\u00f6glichkeit der Vergebung bezieht sich auf den Schmerz oder das Leid, das uns &#8211; bewusst oder unbewusst &#8211; von jemand anderem zugef\u00fcgt wurde. Manchmal ist es dann m\u00f6glich, die Beziehung zu reparieren oder zu erneuern, und manchmal kann es weise und mitf\u00fchlend sein, die Beziehung zu beenden \u2013 jedoch ohne Groll.<\/p>\n<\/div><\/div><\/div><\/div><\/div><\/div><\/div><\/div><\/div><div class=\"vc_col-sm-4 wpb_column vc_column_container\"><div class=\"vc_column-inner us_custom_4edece6e\"><div class=\"wpb_wrapper\"><div class=\"g-cols wpb_row via_flex valign_top type_default stacking_default\"><div class=\"vc_col-sm-12 wpb_column vc_column_container\"><div class=\"vc_column-inner\"><div class=\"wpb_wrapper\"><div class=\"w-image align_none\"><div class=\"w-image-h\"><img decoding=\"async\" width=\"1024\" height=\"802\" src=\"https:\/\/www.vergevingsgezindheid.com\/wp-content\/uploads\/2023\/04\/forgiveness-3-1024x802.png\" class=\"attachment-large size-large\" alt=\"\" loading=\"lazy\" srcset=\"https:\/\/www.vergevingsgezindheid.com\/wp-content\/uploads\/2023\/04\/forgiveness-3-1024x802.png 1024w, https:\/\/www.vergevingsgezindheid.com\/wp-content\/uploads\/2023\/04\/forgiveness-3-300x235.png 300w, https:\/\/www.vergevingsgezindheid.com\/wp-content\/uploads\/2023\/04\/forgiveness-3.png 1029w\" sizes=\"auto, (max-width: 1024px) 100vw, 1024px\" \/><\/div><\/div><\/div><\/div><\/div><\/div><div class=\"g-cols wpb_row via_flex valign_top type_default stacking_default\"><div class=\"vc_col-sm-12 wpb_column vc_column_container\"><div class=\"vc_column-inner\"><div class=\"wpb_wrapper\"><\/div><\/div><\/div><\/div><\/div><\/div><\/div><\/div><\/div><\/section><section class=\"l-section wpb_row hide_on_default hide_on_laptops hide_on_tablets height_medium\"><div class=\"l-section-h i-cf\"><div class=\"g-cols vc_row via_flex valign_top type_default stacking_default\"><div class=\"vc_col-sm-12 wpb_column vc_column_container\"><div class=\"vc_column-inner\"><div class=\"wpb_wrapper\"><\/div><\/div><\/div><\/div><\/div><\/section>\n","protected":false},"excerpt":{"rendered":"[vc_custom_heading source=\"post_title\" font_container=\"tag:h1|text_align:left\" use_theme_fonts=\"yes\" css=\"%7B%22default%22%3A%7B%22color%22%3A%22%23c40e0e%22%7D%7D\"]&#8222;Vergeben ist wie einen Gefangenen freizulassen und zu entdecken, dass man selbst dieser Gefangene war&#8220; (unbekannte Quelle). Vergebung bedeutet, offen f\u00fcr Vergebung zu sein. Als Menschen f\u00e4llt es uns allen manchmal schwer, Dinge, die schief gelaufen sind, einzuordnen und zu akzeptieren &#8211; sei es durch uns selbst oder durch andere. Wir...","protected":false},"author":1,"featured_media":0,"parent":0,"menu_order":0,"comment_status":"closed","ping_status":"closed","template":"","meta":{"footnotes":""},"class_list":["post-3005","page","type-page","status-publish","hentry"],"_links":{"self":[{"href":"https:\/\/www.vergevingsgezindheid.com\/de\/wp-json\/wp\/v2\/pages\/3005","targetHints":{"allow":["GET"]}}],"collection":[{"href":"https:\/\/www.vergevingsgezindheid.com\/de\/wp-json\/wp\/v2\/pages"}],"about":[{"href":"https:\/\/www.vergevingsgezindheid.com\/de\/wp-json\/wp\/v2\/types\/page"}],"author":[{"embeddable":true,"href":"https:\/\/www.vergevingsgezindheid.com\/de\/wp-json\/wp\/v2\/users\/1"}],"replies":[{"embeddable":true,"href":"https:\/\/www.vergevingsgezindheid.com\/de\/wp-json\/wp\/v2\/comments?post=3005"}],"version-history":[{"count":6,"href":"https:\/\/www.vergevingsgezindheid.com\/de\/wp-json\/wp\/v2\/pages\/3005\/revisions"}],"predecessor-version":[{"id":3919,"href":"https:\/\/www.vergevingsgezindheid.com\/de\/wp-json\/wp\/v2\/pages\/3005\/revisions\/3919"}],"wp:attachment":[{"href":"https:\/\/www.vergevingsgezindheid.com\/de\/wp-json\/wp\/v2\/media?parent=3005"}],"curies":[{"name":"wp","href":"https:\/\/api.w.org\/{rel}","templated":true}]}}