{"id":2985,"date":"2023-03-26T12:51:28","date_gmt":"2023-03-26T12:51:28","guid":{"rendered":"https:\/\/www.vergevingsgezindheid.com\/profil-frits-koster\/"},"modified":"2024-08-07T11:52:06","modified_gmt":"2024-08-07T11:52:06","slug":"profil-frits-koster","status":"publish","type":"page","link":"https:\/\/www.vergevingsgezindheid.com\/de\/profil-frits-koster\/","title":{"rendered":"Profil Frits Koster"},"content":{"rendered":"<section class=\"l-section wpb_row height_medium\"><div class=\"l-section-h i-cf\"><div class=\"g-cols vc_row via_flex valign_top type_default stacking_default\"><div class=\"vc_col-sm-8 wpb_column vc_column_container\"><div class=\"vc_column-inner\"><div class=\"wpb_wrapper\"><div class=\"g-cols wpb_row via_flex valign_top type_default stacking_default\"><div class=\"vc_col-sm-12 wpb_column vc_column_container\"><div class=\"vc_column-inner\"><div class=\"wpb_wrapper\">[vc_custom_heading text=&#8220;Frits Koster&#8220; font_container=&#8220;tag:h1|text_align:left&#8220; use_theme_fonts=&#8220;yes&#8220; css=&#8220;%7B%22default%22%3A%7B%22color%22%3A%22%23c40e0e%22%7D%7D&#8220;]<\/div><\/div><\/div><\/div><div class=\"g-cols wpb_row us_custom_b590f348 rotate-subtitels4d via_flex valign_top type_default stacking_default\"><div class=\"vc_col-sm-12 wpb_column vc_column_container\"><div class=\"vc_column-inner\"><div class=\"wpb_wrapper\"><div class=\"wpb_text_column subtekst-roteer1\"><div class=\"wpb_wrapper\"><p><em>&#8222;Es ist nicht immer leicht, ein Mensch zu sein &#8230; etwas Nachsicht mit uns selbst und anderen kann nicht schaden.&#8220;<\/em><\/p>\n<\/div><\/div><\/div><\/div><\/div><\/div><div class=\"g-cols wpb_row us_custom_3b8f9481 via_flex valign_top type_default stacking_default\"><div class=\"vc_col-sm-12 wpb_column vc_column_container\"><div class=\"vc_column-inner\"><div class=\"wpb_wrapper\"><div class=\"wpb_text_column\"><div class=\"wpb_wrapper\"><p><img loading=\"lazy\" decoding=\"async\" class=\"size-medium wp-image-1371 alignright\" src=\"https:\/\/www.vergevingsgezindheid.com\/wp-content\/uploads\/2023\/08\/Frits-Koster-nw-5-8-23-300x267.jpg\" alt=\"\" width=\"300\" height=\"267\" srcset=\"https:\/\/www.vergevingsgezindheid.com\/wp-content\/uploads\/2023\/08\/Frits-Koster-nw-5-8-23-300x267.jpg 300w, https:\/\/www.vergevingsgezindheid.com\/wp-content\/uploads\/2023\/08\/Frits-Koster-nw-5-8-23-540x480.jpg 540w, https:\/\/www.vergevingsgezindheid.com\/wp-content\/uploads\/2023\/08\/Frits-Koster-nw-5-8-23-450x400.jpg 450w, https:\/\/www.vergevingsgezindheid.com\/wp-content\/uploads\/2023\/08\/Frits-Koster-nw-5-8-23-scaled.jpg 500w\" sizes=\"auto, (max-width: 300px) 100vw, 300px\" \/>Frits Koster (geboren 1957) praktiziert seit 1979 Vipassana-Meditation und lebte mehr als f\u00fcnf Jahre als M\u00f6nch in Kl\u00f6stern in S\u00fcdostasien, wo er meditierte und buddhistische Psychologie studierte. Er hat mehrere B\u00fccher zu diesem Thema geschrieben und verf\u00fcgt \u00fcber jahrelange Erfahrung als Retreat-Lehrer. Frits hat viele Jahre als Achtsamkeits- und Mitgef\u00fchlstrainer im psychiatrischen Bereich gearbeitet und ist als Trainer f\u00fcr Interpersonelle Achtsamkeit ausgebildet. Zusammen mit Erik van den Brink entwickelte Frits das Training Mindfulness-Based Compassionate Living (MBCL). Sie haben zwei B\u00fccher \u00fcber MBCL geschrieben, die in verschiedenen Sprachen und L\u00e4ndern ver\u00f6ffentlicht wurden.<\/p>\n<p>Zusammen mit seiner Partnerin Jetty Heynekamp und Victoria Norton hat Frits die B\u00fccher <em>Mindful Communication<\/em> (Routledge, 2023) und <em>Going on a Meditation Retreat<\/em> (Routledge, 2025) geschrieben<span>. Zusammen mit dem DMMC-Begr\u00fcnder Zohair Elabd unterrichtet Frits in der Weiterbildung <em>Deepening Mindfulness &amp; Mindful Communication<\/em> (DMMC). Unter<\/span>\u00a0<a href=\"https:\/\/www.fritskoster.com\">www.fritskoster.com<\/a> finden Sie weitere Informationen \u00fcber Frits.<\/p>\n<\/div><\/div><\/div><\/div><\/div><\/div><\/div><\/div><\/div><div class=\"vc_col-sm-4 wpb_column vc_column_container\"><div class=\"vc_column-inner us_custom_4edece6e\"><div class=\"wpb_wrapper\"><\/div><\/div><\/div><\/div><\/div><\/section><section class=\"l-section wpb_row hide_on_default hide_on_laptops hide_on_tablets height_medium\"><div class=\"l-section-h i-cf\"><div class=\"g-cols vc_row via_flex valign_top type_default stacking_default\"><div class=\"vc_col-sm-12 wpb_column vc_column_container\"><div class=\"vc_column-inner\"><div class=\"wpb_wrapper\"><\/div><\/div><\/div><\/div><\/div><\/section>\n","protected":false},"excerpt":{"rendered":"[vc_custom_heading text=\"Frits Koster\" font_container=\"tag:h1|text_align:left\" use_theme_fonts=\"yes\" css=\"%7B%22default%22%3A%7B%22color%22%3A%22%23c40e0e%22%7D%7D\"]&#8222;Es ist nicht immer leicht, ein Mensch zu sein &#8230; etwas Nachsicht mit uns selbst und anderen kann nicht schaden.&#8220; Frits Koster (geboren 1957) praktiziert seit 1979 Vipassana-Meditation und lebte mehr als f\u00fcnf Jahre als M\u00f6nch in Kl\u00f6stern in S\u00fcdostasien, wo er meditierte und buddhistische Psychologie studierte. Er hat mehrere...","protected":false},"author":1,"featured_media":0,"parent":0,"menu_order":0,"comment_status":"closed","ping_status":"closed","template":"","meta":{"footnotes":""},"class_list":["post-2985","page","type-page","status-publish","hentry"],"_links":{"self":[{"href":"https:\/\/www.vergevingsgezindheid.com\/de\/wp-json\/wp\/v2\/pages\/2985","targetHints":{"allow":["GET"]}}],"collection":[{"href":"https:\/\/www.vergevingsgezindheid.com\/de\/wp-json\/wp\/v2\/pages"}],"about":[{"href":"https:\/\/www.vergevingsgezindheid.com\/de\/wp-json\/wp\/v2\/types\/page"}],"author":[{"embeddable":true,"href":"https:\/\/www.vergevingsgezindheid.com\/de\/wp-json\/wp\/v2\/users\/1"}],"replies":[{"embeddable":true,"href":"https:\/\/www.vergevingsgezindheid.com\/de\/wp-json\/wp\/v2\/comments?post=2985"}],"version-history":[{"count":8,"href":"https:\/\/www.vergevingsgezindheid.com\/de\/wp-json\/wp\/v2\/pages\/2985\/revisions"}],"predecessor-version":[{"id":3943,"href":"https:\/\/www.vergevingsgezindheid.com\/de\/wp-json\/wp\/v2\/pages\/2985\/revisions\/3943"}],"wp:attachment":[{"href":"https:\/\/www.vergevingsgezindheid.com\/de\/wp-json\/wp\/v2\/media?parent=2985"}],"curies":[{"name":"wp","href":"https:\/\/api.w.org\/{rel}","templated":true}]}}